{"id":18095,"date":"2019-07-22T12:43:20","date_gmt":"2019-07-22T12:43:20","guid":{"rendered":"https:\/\/snugglesanddreams.com\/?page_id=18095"},"modified":"2023-02-10T16:12:10","modified_gmt":"2023-02-10T15:12:10","slug":"contactez-nous","status":"publish","type":"page","link":"https:\/\/snugglesanddreams.com\/fr\/contactez-nous\/","title":{"rendered":"Contactez-nous"},"content":{"rendered":"\t\t<div data-elementor-type=\"wp-post\" data-elementor-id=\"18095\" class=\"elementor elementor-18095 elementor-22\" data-elementor-post-type=\"page\">\n\t\t\t\t\t\t<section class=\"elementor-section elementor-top-section elementor-element elementor-element-52df27a elementor-section-boxed elementor-section-height-default elementor-section-height-default\" data-id=\"52df27a\" data-element_type=\"section\" data-e-type=\"section\">\n\t\t\t\t\t\t<div class=\"elementor-container elementor-column-gap-default\">\n\t\t\t\t\t<div class=\"elementor-column elementor-col-100 elementor-top-column elementor-element elementor-element-22c6f3f0\" data-id=\"22c6f3f0\" data-element_type=\"column\" data-e-type=\"column\">\n\t\t\t<div class=\"elementor-widget-wrap elementor-element-populated\">\n\t\t\t\t\t\t<section class=\"elementor-section elementor-inner-section elementor-element elementor-element-c1e2ef0 elementor-section-boxed elementor-section-height-default elementor-section-height-default\" data-id=\"c1e2ef0\" data-element_type=\"section\" data-e-type=\"section\">\n\t\t\t\t\t\t<div class=\"elementor-container elementor-column-gap-default\">\n\t\t\t\t\t<div class=\"elementor-column elementor-col-50 elementor-inner-column elementor-element elementor-element-f630a67\" data-id=\"f630a67\" data-element_type=\"column\" data-e-type=\"column\">\n\t\t\t<div class=\"elementor-widget-wrap elementor-element-populated\">\n\t\t\t\t\t\t<div class=\"elementor-element elementor-element-c17a611 elementor-widget elementor-widget-text-editor\" data-id=\"c17a611\" data-element_type=\"widget\" data-e-type=\"widget\" data-widget_type=\"text-editor.default\">\n\t\t\t\t<div class=\"elementor-widget-container\">\n\t\t\t\t\t\t\t\t\t<p>Quelque chose n&#8217;est pas clair? Vous avez besoin de plus d&#8217;informations sur nos <a href=\"https:\/\/snugglesanddreams.com\/fr\/services\/\" target=\"_blank\" rel=\"noopener\">diff\u00e9rents services<\/a>? N&#8217;oubliez pas de consulter notre FAQ o\u00f9 vous trouverez les r\u00e9ponses aux questions les plus fr\u00e9quentes concernant les guides du sommeil et les parcours personnalis\u00e9s.<\/p>\t\t\t\t\t\t\t\t<\/div>\n\t\t\t\t<\/div>\n\t\t\t\t<div class=\"elementor-element elementor-element-2c22b46 elementor-align-center elementor-widget elementor-widget-button\" data-id=\"2c22b46\" data-element_type=\"widget\" data-e-type=\"widget\" data-widget_type=\"button.default\">\n\t\t\t\t<div class=\"elementor-widget-container\">\n\t\t\t\t\t\t\t\t\t<div class=\"elementor-button-wrapper\">\n\t\t\t\t\t<a class=\"elementor-button elementor-button-link elementor-size-sm\" href=\"https:\/\/snugglesanddreams.com\/fr\/faq\/questions-reponses-guides-de-sommeil\/\" target=\"_blank\">\n\t\t\t\t\t\t<span class=\"elementor-button-content-wrapper\">\n\t\t\t\t\t\t\t\t\t<span class=\"elementor-button-text\">FAQ Guides du sommeil<\/span>\n\t\t\t\t\t<\/span>\n\t\t\t\t\t<\/a>\n\t\t\t\t<\/div>\n\t\t\t\t\t\t\t\t<\/div>\n\t\t\t\t<\/div>\n\t\t\t\t<div class=\"elementor-element elementor-element-84297b0 elementor-align-center elementor-widget elementor-widget-button\" data-id=\"84297b0\" data-element_type=\"widget\" data-e-type=\"widget\" data-widget_type=\"button.default\">\n\t\t\t\t<div class=\"elementor-widget-container\">\n\t\t\t\t\t\t\t\t\t<div class=\"elementor-button-wrapper\">\n\t\t\t\t\t<a class=\"elementor-button elementor-button-link elementor-size-sm\" href=\"https:\/\/snugglesanddreams.com\/faq\/faq-persoonlijk-traject\/\" target=\"_blank\">\n\t\t\t\t\t\t<span class=\"elementor-button-content-wrapper\">\n\t\t\t\t\t\t\t\t\t<span class=\"elementor-button-text\">FAQ Parcours personnalis\u00e9s<\/span>\n\t\t\t\t\t<\/span>\n\t\t\t\t\t<\/a>\n\t\t\t\t<\/div>\n\t\t\t\t\t\t\t\t<\/div>\n\t\t\t\t<\/div>\n\t\t\t\t<div class=\"elementor-element elementor-element-e2bf9e2 elementor-widget elementor-widget-text-editor\" data-id=\"e2bf9e2\" data-element_type=\"widget\" data-e-type=\"widget\" data-widget_type=\"text-editor.default\">\n\t\t\t\t<div class=\"elementor-widget-container\">\n\t\t\t\t\t\t\t\t\t<p><span style=\"font-family: Montserrat, sans-serif; font-size: 14px; font-style: normal; font-variant-ligatures: normal; font-variant-caps: normal; font-weight: 400; color: var( --e-global-color-text ); letter-spacing: var( --e-global-typography-text-letter-spacing );\">Vous n&#8217;avez toujours pas trouv\u00e9 de r\u00e9ponse \u00e0 votre question? Contactez-nous en utilisant le formulaire de contact au bas de cette page et obtenez une r\u00e9ponse rapide. Vous recherchez nos diff\u00e9rents services, prix et disponibilit\u00e9s? Cliquez sur ce lien: <\/span><a style=\"font-family: Montserrat, sans-serif; font-size: 14px; font-style: normal; font-variant-ligatures: normal; font-variant-caps: normal; font-weight: 400; letter-spacing: var( --e-global-typography-text-letter-spacing ); background-color: #ffffff;\" href=\"https:\/\/widget.onlineafspraken.nl\/consumer\/booking\/book\/key\/kgea86ekuo65-acea04\/at\/0\/rs\/0\/ln\/1\/l\/31112\/t\/809f5c\/f\/110d0111\/c\/a35f50,e89989,111,e89989,a35f50,fff,0,fff\/s\/550_1500\/o\/theme:advanced,dp:modern,interval:week\/exclude\/mobiledetect\/output\/html\" target=\"_blank\" rel=\"noopener\">Agenda Snuggles &amp; Dreams<\/a><\/p><p><span style=\"font-size: 14px; color: var( --e-global-color-text ); letter-spacing: var( --e-global-typography-text-letter-spacing );\">Vous avez des questions suite \u00e0 l&#8217;application d&#8217;un guide ou des questions concernant le sommeil? Alors r\u00e9servez <a href=\"https:\/\/widget.onlineafspraken.nl\/consumer\/booking\/book\/key\/kgea86ekuo65-acea04\/at\/0\/rs\/0\/ln\/1\/l\/31112\/t\/809f5c\/f\/110d0111\/c\/a35f50,e89989,111,e89989,a35f50,fff,0,fff\/s\/550_1500\/o\/theme:advanced,dp:modern,interval:week\/exclude\/mobiledetect\/output\/html\" target=\"_blank\" rel=\"noopener\">une consultation individuelle<\/a> par mail ou par vid\u00e9o, nous vous aiderons avec plaisir!<em>\u00a0Il n&#8217;est malheureusement pas possible d&#8217;obtenir des conseils individuels gratuits par mail.<\/em> Merci d&#8217;avance de votre compr\u00e9hension !<\/span><\/p><p>Bises, <br \/>#teamsnuggles<\/p>\t\t\t\t\t\t\t\t<\/div>\n\t\t\t\t<\/div>\n\t\t\t\t\t<\/div>\n\t\t<\/div>\n\t\t\t\t<div class=\"elementor-column elementor-col-50 elementor-inner-column elementor-element elementor-element-9884cf5\" data-id=\"9884cf5\" data-element_type=\"column\" data-e-type=\"column\">\n\t\t\t<div class=\"elementor-widget-wrap elementor-element-populated\">\n\t\t\t\t\t\t<div class=\"elementor-element elementor-element-04d499c elementor-widget elementor-widget-image\" data-id=\"04d499c\" data-element_type=\"widget\" data-e-type=\"widget\" data-widget_type=\"image.default\">\n\t\t\t\t<div class=\"elementor-widget-container\">\n\t\t\t\t\t\t\t\t\t\t\t\t\t\t\t<img fetchpriority=\"high\" decoding=\"async\" width=\"768\" height=\"1024\" src=\"https:\/\/snugglesanddreams.com\/wp-content\/uploads\/2022\/05\/team-768x1024.jpg\" class=\"attachment-large size-large wp-image-31349\" alt=\"snuggles &amp; dreams team\" srcset=\"https:\/\/snugglesanddreams.com\/wp-content\/uploads\/2022\/05\/team-768x1024.jpg 768w, https:\/\/snugglesanddreams.com\/wp-content\/uploads\/2022\/05\/team-225x300.jpg 225w, https:\/\/snugglesanddreams.com\/wp-content\/uploads\/2022\/05\/team-600x800.jpg 600w, https:\/\/snugglesanddreams.com\/wp-content\/uploads\/2022\/05\/team.jpg 960w\" sizes=\"(max-width: 768px) 100vw, 768px\" \/>\t\t\t\t\t\t\t\t\t\t\t\t\t\t\t<\/div>\n\t\t\t\t<\/div>\n\t\t\t\t\t<\/div>\n\t\t<\/div>\n\t\t\t\t\t<\/div>\n\t\t<\/section>\n\t\t\t\t\t<\/div>\n\t\t<\/div>\n\t\t\t\t\t<\/div>\n\t\t<\/section>\n\t\t\t\t<section class=\"elementor-section elementor-top-section elementor-element elementor-element-51cc17e7 elementor-section-stretched elementor-section-boxed elementor-section-height-default elementor-section-height-default\" data-id=\"51cc17e7\" data-element_type=\"section\" data-e-type=\"section\" data-settings=\"{&quot;stretch_section&quot;:&quot;section-stretched&quot;,&quot;background_background&quot;:&quot;classic&quot;}\">\n\t\t\t\t\t\t<div class=\"elementor-container elementor-column-gap-default\">\n\t\t\t\t\t<div class=\"elementor-column elementor-col-50 elementor-top-column elementor-element elementor-element-3ac295d5\" data-id=\"3ac295d5\" data-element_type=\"column\" data-e-type=\"column\">\n\t\t\t<div class=\"elementor-widget-wrap elementor-element-populated\">\n\t\t\t\t\t\t<div class=\"elementor-element elementor-element-f4d8722 elementor-widget elementor-widget-wpforms\" data-id=\"f4d8722\" data-element_type=\"widget\" data-e-type=\"widget\" data-widget_type=\"wpforms.default\">\n\t\t\t\t<div class=\"elementor-widget-container\">\n\t\t\t\t\t<div class=\"wpforms-container wpforms-container-full\" id=\"wpforms-43331\"><form id=\"wpforms-form-43331\" class=\"wpforms-validate wpforms-form wpforms-ajax-form\" data-formid=\"43331\" method=\"post\" enctype=\"multipart\/form-data\" action=\"\/fr\/wp-json\/wp\/v2\/pages\/18095\" data-token=\"5daafec7d6f86057c2f1133c8dc565b1\" data-token-time=\"1775647391\"><noscript class=\"wpforms-error-noscript\">Veuillez activer JavaScript dans votre navigateur pour remplir ce formulaire.<\/noscript><div class=\"wpforms-field-container\"><div id=\"wpforms-43331-field_0-container\" class=\"wpforms-field wpforms-field-name\" data-field-id=\"0\"><label class=\"wpforms-field-label\" for=\"wpforms-43331-field_0\">Nom <span class=\"wpforms-required-label\">*<\/span><\/label><input type=\"text\" id=\"wpforms-43331-field_0\" class=\"wpforms-field-medium wpforms-field-required\" name=\"wpforms[fields][0]\" required><\/div><div id=\"wpforms-43331-field_1-container\" class=\"wpforms-field wpforms-field-email\" data-field-id=\"1\"><label class=\"wpforms-field-label\" for=\"wpforms-43331-field_1\">E-mail <span class=\"wpforms-required-label\">*<\/span><\/label><input type=\"email\" id=\"wpforms-43331-field_1\" class=\"wpforms-field-medium wpforms-field-required\" name=\"wpforms[fields][1]\" spellcheck=\"false\" required><\/div><div id=\"wpforms-43331-field_3-container\" class=\"wpforms-field wpforms-field-text\" data-field-id=\"3\"><label class=\"wpforms-field-label\" for=\"wpforms-43331-field_3\">Sujet<\/label><input type=\"text\" id=\"wpforms-43331-field_3\" class=\"wpforms-field-medium\" name=\"wpforms[fields][3]\" ><\/div><div id=\"wpforms-43331-field_2-container\" class=\"wpforms-field wpforms-field-textarea\" data-field-id=\"2\"><label class=\"wpforms-field-label\" for=\"wpforms-43331-field_2\">Message<\/label><textarea id=\"wpforms-43331-field_2\" class=\"wpforms-field-medium\" name=\"wpforms[fields][2]\" ><\/textarea><\/div><\/div><!-- .wpforms-field-container --><div class=\"wpforms-submit-container\" ><input type=\"hidden\" name=\"wpforms[id]\" value=\"43331\"><input type=\"hidden\" name=\"page_title\" value=\"\"><input type=\"hidden\" name=\"page_url\" value=\"https:\/\/snugglesanddreams.com\/fr\/wp-json\/wp\/v2\/pages\/18095\"><input type=\"hidden\" name=\"url_referer\" value=\"\"><button type=\"submit\" name=\"wpforms[submit]\" id=\"wpforms-submit-43331\" class=\"wpforms-submit\" data-alt-text=\"Verzenden...\" data-submit-text=\"Envoyer\" aria-live=\"assertive\" value=\"wpforms-submit\">Envoyer<\/button><img decoding=\"async\" src=\"https:\/\/snugglesanddreams.com\/wp-content\/plugins\/wpforms-lite\/assets\/images\/submit-spin.svg\" class=\"wpforms-submit-spinner\" style=\"display: none;\" width=\"26\" height=\"26\" alt=\"Chargement en cours\"><\/div><\/form><\/div>  <!-- .wpforms-container -->\t\t\t\t<\/div>\n\t\t\t\t<\/div>\n\t\t\t\t<div class=\"elementor-element elementor-element-822db09 elementor-widget elementor-widget-text-editor\" data-id=\"822db09\" data-element_type=\"widget\" data-e-type=\"widget\" data-widget_type=\"text-editor.default\">\n\t\t\t\t<div class=\"elementor-widget-container\">\n\t\t\t\t\t\t\t\t\t<p style=\"text-align: center;\">Nous nous effor\u00e7ons toujours de r\u00e9pondre aux messages dans les deux jours ouvrables. A bient\u00f4t ! #teamsnuggles<\/p>\t\t\t\t\t\t\t\t<\/div>\n\t\t\t\t<\/div>\n\t\t\t\t\t<\/div>\n\t\t<\/div>\n\t\t\t\t<div class=\"elementor-column elementor-col-50 elementor-top-column elementor-element elementor-element-61ff084\" data-id=\"61ff084\" data-element_type=\"column\" data-e-type=\"column\">\n\t\t\t<div class=\"elementor-widget-wrap elementor-element-populated\">\n\t\t\t\t\t\t<div class=\"elementor-element elementor-element-1af85e8 elementor-widget elementor-widget-image\" data-id=\"1af85e8\" data-element_type=\"widget\" data-e-type=\"widget\" data-widget_type=\"image.default\">\n\t\t\t\t<div class=\"elementor-widget-container\">\n\t\t\t\t\t\t\t\t\t\t\t\t\t\t\t<img decoding=\"async\" width=\"567\" height=\"567\" src=\"https:\/\/snugglesanddreams.com\/wp-content\/uploads\/2019\/08\/badge_background.png\" class=\"attachment-full size-full wp-image-18142\" alt=\"Logo gecertificeerde kinderslaapcoach\" srcset=\"https:\/\/snugglesanddreams.com\/wp-content\/uploads\/2019\/08\/badge_background.png 567w, https:\/\/snugglesanddreams.com\/wp-content\/uploads\/2019\/08\/badge_background-150x150.png 150w, https:\/\/snugglesanddreams.com\/wp-content\/uploads\/2019\/08\/badge_background-300x300.png 300w, https:\/\/snugglesanddreams.com\/wp-content\/uploads\/2019\/08\/badge_background-100x100.png 100w\" sizes=\"(max-width: 567px) 100vw, 567px\" \/>\t\t\t\t\t\t\t\t\t\t\t\t\t\t\t<\/div>\n\t\t\t\t<\/div>\n\t\t\t\t<div class=\"elementor-element elementor-element-61c106e elementor-widget elementor-widget-image\" data-id=\"61c106e\" data-element_type=\"widget\" data-e-type=\"widget\" data-widget_type=\"image.default\">\n\t\t\t\t<div class=\"elementor-widget-container\">\n\t\t\t\t\t\t\t\t\t\t\t\t\t\t\t<img loading=\"lazy\" decoding=\"async\" width=\"1200\" height=\"1200\" src=\"https:\/\/snugglesanddreams.com\/wp-content\/uploads\/2022\/05\/PTCLogo.png\" class=\"attachment-full size-full wp-image-31351\" alt=\"PTCLogo\" srcset=\"https:\/\/snugglesanddreams.com\/wp-content\/uploads\/2022\/05\/PTCLogo.png 1200w, https:\/\/snugglesanddreams.com\/wp-content\/uploads\/2022\/05\/PTCLogo-300x300.png 300w, https:\/\/snugglesanddreams.com\/wp-content\/uploads\/2022\/05\/PTCLogo-1024x1024.png 1024w, https:\/\/snugglesanddreams.com\/wp-content\/uploads\/2022\/05\/PTCLogo-150x150.png 150w, https:\/\/snugglesanddreams.com\/wp-content\/uploads\/2022\/05\/PTCLogo-768x768.png 768w, https:\/\/snugglesanddreams.com\/wp-content\/uploads\/2022\/05\/PTCLogo-60x60.png 60w, https:\/\/snugglesanddreams.com\/wp-content\/uploads\/2022\/05\/PTCLogo-600x600.png 600w, https:\/\/snugglesanddreams.com\/wp-content\/uploads\/2022\/05\/PTCLogo-100x100.png 100w\" sizes=\"(max-width: 1200px) 100vw, 1200px\" \/>\t\t\t\t\t\t\t\t\t\t\t\t\t\t\t<\/div>\n\t\t\t\t<\/div>\n\t\t\t\t<div class=\"elementor-element elementor-element-03bb921 elementor-widget elementor-widget-image\" data-id=\"03bb921\" data-element_type=\"widget\" data-e-type=\"widget\" data-widget_type=\"image.default\">\n\t\t\t\t<div class=\"elementor-widget-container\">\n\t\t\t\t\t\t\t\t\t\t\t\t\t\t\t<img loading=\"lazy\" decoding=\"async\" width=\"400\" height=\"400\" src=\"https:\/\/snugglesanddreams.com\/wp-content\/uploads\/2022\/08\/certificaat.png\" class=\"attachment-large size-large wp-image-36921\" alt=\"logo baby sign language\" srcset=\"https:\/\/snugglesanddreams.com\/wp-content\/uploads\/2022\/08\/certificaat.png 400w, https:\/\/snugglesanddreams.com\/wp-content\/uploads\/2022\/08\/certificaat-300x300.png 300w, https:\/\/snugglesanddreams.com\/wp-content\/uploads\/2022\/08\/certificaat-150x150.png 150w, https:\/\/snugglesanddreams.com\/wp-content\/uploads\/2022\/08\/certificaat-100x100.png 100w\" sizes=\"(max-width: 400px) 100vw, 400px\" \/>\t\t\t\t\t\t\t\t\t\t\t\t\t\t\t<\/div>\n\t\t\t\t<\/div>\n\t\t\t\t\t<\/div>\n\t\t<\/div>\n\t\t\t\t\t<\/div>\n\t\t<\/section>\n\t\t\t\t<\/div>\n\t\t","protected":false},"excerpt":{"rendered":"<p>Quelque chose n&#8217;est pas clair? Vous avez besoin de plus d&#8217;informations sur nos diff\u00e9rents services? N&#8217;oubliez pas de consulter notre FAQ o\u00f9 vous trouverez les r\u00e9ponses aux questions les plus fr\u00e9quentes concernant les guides du sommeil et les parcours personnalis\u00e9s. FAQ Guides du sommeil FAQ Parcours personnalis\u00e9s Vous n&#8217;avez toujours pas trouv\u00e9 de r\u00e9ponse \u00e0 [&hellip;]<\/p>\n","protected":false},"author":1,"featured_media":27850,"parent":0,"menu_order":5,"comment_status":"closed","ping_status":"closed","template":"","meta":{"ocean_post_layout":"","ocean_both_sidebars_style":"","ocean_both_sidebars_content_width":0,"ocean_both_sidebars_sidebars_width":0,"ocean_sidebar":"0","ocean_second_sidebar":"0","ocean_disable_margins":"enable","ocean_add_body_class":"","ocean_shortcode_before_top_bar":"","ocean_shortcode_after_top_bar":"","ocean_shortcode_before_header":"","ocean_shortcode_after_header":"","ocean_has_shortcode":"","ocean_shortcode_after_title":"","ocean_shortcode_before_footer_widgets":"","ocean_shortcode_after_footer_widgets":"","ocean_shortcode_before_footer_bottom":"","ocean_shortcode_after_footer_bottom":"","ocean_display_top_bar":"default","ocean_display_header":"default","ocean_header_style":"","ocean_center_header_left_menu":"0","ocean_custom_header_template":"0","ocean_custom_logo":0,"ocean_custom_retina_logo":0,"ocean_custom_logo_max_width":0,"ocean_custom_logo_tablet_max_width":0,"ocean_custom_logo_mobile_max_width":0,"ocean_custom_logo_max_height":0,"ocean_custom_logo_tablet_max_height":0,"ocean_custom_logo_mobile_max_height":0,"ocean_header_custom_menu":"0","ocean_menu_typo_font_family":"0","ocean_menu_typo_font_subset":"","ocean_menu_typo_font_size":0,"ocean_menu_typo_font_size_tablet":0,"ocean_menu_typo_font_size_mobile":0,"ocean_menu_typo_font_size_unit":"px","ocean_menu_typo_font_weight":"","ocean_menu_typo_font_weight_tablet":"","ocean_menu_typo_font_weight_mobile":"","ocean_menu_typo_transform":"","ocean_menu_typo_transform_tablet":"","ocean_menu_typo_transform_mobile":"","ocean_menu_typo_line_height":0,"ocean_menu_typo_line_height_tablet":0,"ocean_menu_typo_line_height_mobile":0,"ocean_menu_typo_line_height_unit":"","ocean_menu_typo_spacing":0,"ocean_menu_typo_spacing_tablet":0,"ocean_menu_typo_spacing_mobile":0,"ocean_menu_typo_spacing_unit":"","ocean_menu_link_color":"","ocean_menu_link_color_hover":"","ocean_menu_link_color_active":"","ocean_menu_link_background":"","ocean_menu_link_hover_background":"","ocean_menu_link_active_background":"","ocean_menu_social_links_bg":"","ocean_menu_social_hover_links_bg":"","ocean_menu_social_links_color":"","ocean_menu_social_hover_links_color":"","ocean_disable_title":"default","ocean_disable_heading":"default","ocean_post_title":"","ocean_post_subheading":"","ocean_post_title_style":"","ocean_post_title_background_color":"","ocean_post_title_background":0,"ocean_post_title_bg_image_position":"","ocean_post_title_bg_image_attachment":"","ocean_post_title_bg_image_repeat":"","ocean_post_title_bg_image_size":"","ocean_post_title_height":0,"ocean_post_title_bg_overlay":0.5,"ocean_post_title_bg_overlay_color":"","ocean_disable_breadcrumbs":"default","ocean_breadcrumbs_color":"","ocean_breadcrumbs_separator_color":"","ocean_breadcrumbs_links_color":"","ocean_breadcrumbs_links_hover_color":"","ocean_display_footer_widgets":"default","ocean_display_footer_bottom":"default","ocean_custom_footer_template":"0","footnotes":""},"class_list":["post-18095","page","type-page","status-publish","has-post-thumbnail","hentry","entry","has-media","owp-thumbs-layout-horizontal","owp-btn-normal","owp-tabs-layout-vertical","has-no-thumbnails","has-product-nav"],"_links":{"self":[{"href":"https:\/\/snugglesanddreams.com\/fr\/wp-json\/wp\/v2\/pages\/18095","targetHints":{"allow":["GET"]}}],"collection":[{"href":"https:\/\/snugglesanddreams.com\/fr\/wp-json\/wp\/v2\/pages"}],"about":[{"href":"https:\/\/snugglesanddreams.com\/fr\/wp-json\/wp\/v2\/types\/page"}],"author":[{"embeddable":true,"href":"https:\/\/snugglesanddreams.com\/fr\/wp-json\/wp\/v2\/users\/1"}],"replies":[{"embeddable":true,"href":"https:\/\/snugglesanddreams.com\/fr\/wp-json\/wp\/v2\/comments?post=18095"}],"version-history":[{"count":0,"href":"https:\/\/snugglesanddreams.com\/fr\/wp-json\/wp\/v2\/pages\/18095\/revisions"}],"wp:featuredmedia":[{"embeddable":true,"href":"https:\/\/snugglesanddreams.com\/fr\/wp-json\/wp\/v2\/media\/27850"}],"wp:attachment":[{"href":"https:\/\/snugglesanddreams.com\/fr\/wp-json\/wp\/v2\/media?parent=18095"}],"curies":[{"name":"wp","href":"https:\/\/api.w.org\/{rel}","templated":true}]}}