{"id":29171,"date":"2022-02-24T11:49:54","date_gmt":"2022-02-24T10:49:54","guid":{"rendered":"https:\/\/snugglesanddreams.com\/?post_type=product&#038;p=29171"},"modified":"2026-03-23T16:44:27","modified_gmt":"2026-03-23T15:44:27","slug":"guide-du-sommeil-nouveau-ne","status":"publish","type":"product","link":"https:\/\/snugglesanddreams.com\/fr\/produit\/guide-du-sommeil-nouveau-ne\/","title":{"rendered":"Guide du sommeil nouveau-n\u00e9"},"content":{"rendered":"","protected":false},"excerpt":{"rendered":"<p>Le <a href=\"https:\/\/snugglesanddreams.com\/fr\/product\/guide-du-sommeil-nouveau-ne\/\" target=\"_blank\" rel=\"noopener\">guide du sommeil nouveau-n\u00e9<\/a> est destin\u00e9 aux b\u00e9b\u00e9s \u00e2g\u00e9s de 0 \u00e0 4 mois. Apprenez \u00e0 votre b\u00e9b\u00e9 des habitudes de sommeil saines qui lui seront b\u00e9n\u00e9fiques tout au long de sa vie ! Les guides de Snuggles &amp; Dreams soutiennent une parentalit\u00e9 responsable.<\/p>\n<p>Ce qui est couvert par le guide du sommeil des nouveaux-n\u00e9s :<\/p>\n<ul>\n<li>Comment le sommeil fonctionne-t-il chez les nouveau-n\u00e9s ?<\/li>\n<li>Comment apprendre \u00e0 votre nouveau-n\u00e9 \u00e0 faire la sieste dans son berceau ?<\/li>\n<li>Que pouvez-vous faire si votre b\u00e9b\u00e9 demande \u00e0 \u00eatre nourri toutes les 2 heures la nuit ?<\/li>\n<li>Comment puis-je apprendre \u00e0 mon b\u00e9b\u00e9 \u00e0 faire de plus longues siestes\/de plus longs moments la nuit ?<\/li>\n<li>Quelle routine est appropri\u00e9e pour mon b\u00e9b\u00e9 ?<\/li>\n<li>Que doit porter mon b\u00e9b\u00e9 pour dormir ?<\/li>\n<li>Quand est-il pr\u00e9f\u00e9rable de commencer l&#8217;emmaillotage et comment l&#8217;abandonner progressivement ?<\/li>\n<li>&#8230;<\/li>\n<\/ul>\n<p><a href=\"https:\/\/snugglesanddreams.com\/fr\/product\/guide-du-sommeil-nouveau-ne\/\" target=\"_blank\" rel=\"noopener\">Commander le guide du sommeil nouveau-n\u00e9!<\/a><\/p>\n","protected":false},"featured_media":18753,"comment_status":"open","ping_status":"closed","template":"","meta":{"ocean_post_layout":"","ocean_both_sidebars_style":"","ocean_both_sidebars_content_width":0,"ocean_both_sidebars_sidebars_width":0,"ocean_sidebar":"0","ocean_second_sidebar":"0","ocean_disable_margins":"enable","ocean_add_body_class":"","ocean_shortcode_before_top_bar":"","ocean_shortcode_after_top_bar":"","ocean_shortcode_before_header":"","ocean_shortcode_after_header":"","ocean_has_shortcode":"","ocean_shortcode_after_title":"","ocean_shortcode_before_footer_widgets":"","ocean_shortcode_after_footer_widgets":"","ocean_shortcode_before_footer_bottom":"","ocean_shortcode_after_footer_bottom":"","ocean_display_top_bar":"default","ocean_display_header":"default","ocean_header_style":"","ocean_center_header_left_menu":"0","ocean_custom_header_template":"0","ocean_custom_logo":0,"ocean_custom_retina_logo":0,"ocean_custom_logo_max_width":0,"ocean_custom_logo_tablet_max_width":0,"ocean_custom_logo_mobile_max_width":0,"ocean_custom_logo_max_height":0,"ocean_custom_logo_tablet_max_height":0,"ocean_custom_logo_mobile_max_height":0,"ocean_header_custom_menu":"0","ocean_menu_typo_font_family":"0","ocean_menu_typo_font_subset":"","ocean_menu_typo_font_size":0,"ocean_menu_typo_font_size_tablet":0,"ocean_menu_typo_font_size_mobile":0,"ocean_menu_typo_font_size_unit":"px","ocean_menu_typo_font_weight":"","ocean_menu_typo_font_weight_tablet":"","ocean_menu_typo_font_weight_mobile":"","ocean_menu_typo_transform":"","ocean_menu_typo_transform_tablet":"","ocean_menu_typo_transform_mobile":"","ocean_menu_typo_line_height":0,"ocean_menu_typo_line_height_tablet":0,"ocean_menu_typo_line_height_mobile":0,"ocean_menu_typo_line_height_unit":"","ocean_menu_typo_spacing":0,"ocean_menu_typo_spacing_tablet":0,"ocean_menu_typo_spacing_mobile":0,"ocean_menu_typo_spacing_unit":"","ocean_menu_link_color":"","ocean_menu_link_color_hover":"","ocean_menu_link_color_active":"","ocean_menu_link_background":"","ocean_menu_link_hover_background":"","ocean_menu_link_active_background":"","ocean_menu_social_links_bg":"","ocean_menu_social_hover_links_bg":"","ocean_menu_social_links_color":"","ocean_menu_social_hover_links_color":"","ocean_disable_title":"default","ocean_disable_heading":"default","ocean_post_title":"","ocean_post_subheading":"","ocean_post_title_style":"","ocean_post_title_background_color":"","ocean_post_title_background":0,"ocean_post_title_bg_image_position":"","ocean_post_title_bg_image_attachment":"","ocean_post_title_bg_image_repeat":"","ocean_post_title_bg_image_size":"","ocean_post_title_height":0,"ocean_post_title_bg_overlay":0.5,"ocean_post_title_bg_overlay_color":"","ocean_disable_breadcrumbs":"default","ocean_breadcrumbs_color":"","ocean_breadcrumbs_separator_color":"","ocean_breadcrumbs_links_color":"","ocean_breadcrumbs_links_hover_color":"","ocean_display_footer_widgets":"default","ocean_display_footer_bottom":"default","ocean_custom_footer_template":"0"},"product_brand":[],"product_cat":[],"product_tag":[],"class_list":{"0":"post-29171","1":"product","2":"type-product","3":"status-publish","4":"has-post-thumbnail","7":"entry","8":"has-media","10":"first","11":"instock","12":"downloadable","13":"virtual","14":"taxable","15":"purchasable","16":"product-type-simple","17":"has-product-nav","18":"col","19":"span_1_of_3","20":"owp-content-center","21":"owp-thumbs-layout-horizontal","22":"owp-btn-normal","23":"owp-tabs-layout-vertical","24":"has-no-thumbnails"},"_links":{"self":[{"href":"https:\/\/snugglesanddreams.com\/fr\/wp-json\/wp\/v2\/product\/29171","targetHints":{"allow":["GET"]}}],"collection":[{"href":"https:\/\/snugglesanddreams.com\/fr\/wp-json\/wp\/v2\/product"}],"about":[{"href":"https:\/\/snugglesanddreams.com\/fr\/wp-json\/wp\/v2\/types\/product"}],"replies":[{"embeddable":true,"href":"https:\/\/snugglesanddreams.com\/fr\/wp-json\/wp\/v2\/comments?post=29171"}],"wp:featuredmedia":[{"embeddable":true,"href":"https:\/\/snugglesanddreams.com\/fr\/wp-json\/wp\/v2\/media\/18753"}],"wp:attachment":[{"href":"https:\/\/snugglesanddreams.com\/fr\/wp-json\/wp\/v2\/media?parent=29171"}],"wp:term":[{"taxonomy":"product_brand","embeddable":true,"href":"https:\/\/snugglesanddreams.com\/fr\/wp-json\/wp\/v2\/product_brand?post=29171"},{"taxonomy":"product_cat","embeddable":true,"href":"https:\/\/snugglesanddreams.com\/fr\/wp-json\/wp\/v2\/product_cat?post=29171"},{"taxonomy":"product_tag","embeddable":true,"href":"https:\/\/snugglesanddreams.com\/fr\/wp-json\/wp\/v2\/product_tag?post=29171"}],"curies":[{"name":"wp","href":"https:\/\/api.w.org\/{rel}","templated":true}]}}