{"id":46769,"date":"2023-01-26T16:30:46","date_gmt":"2023-01-26T15:30:46","guid":{"rendered":"https:\/\/snugglesanddreams.com\/?post_type=product&#038;p=46769"},"modified":"2024-10-07T10:36:38","modified_gmt":"2024-10-07T08:36:38","slug":"consultation-video","status":"publish","type":"product","link":"https:\/\/snugglesanddreams.com\/fr\/produit\/consultation-video\/","title":{"rendered":"Consultation vid\u00e9o"},"content":{"rendered":"","protected":false},"excerpt":{"rendered":"<p>Lors d&#8217;une <a href=\"https:\/\/snugglesanddreams.com\/fr\/consultations-individuelles\/\" target=\"_blank\" rel=\"noopener\">consultation vid\u00e9o<\/a>, vous pouvez poser toutes vos questions \u00e0 un coach exp\u00e9riment\u00e9. Vous recevrez des conseils personnalis\u00e9s afin de pouvoir commencer \u00e0 travailler de mani\u00e8re autonome pour aider votre ou vos enfants \u00e0 mieux dormir !<\/p>\n<p>Avez-vous besoin de conseils sur l&#8217;apprentissage du sommeil, la routine, l&#8217;alimentation nocturne ou des questions individuelles et avez-vous vraiment besoin de ce contact personnel avec un coach du sommeil ? Dans ce cas, une consultation vid\u00e9o est la solution.<\/p>\n<p>R\u00e9sum\u00e9 :<\/p>\n<ul>\n<li>Conseils personnels sur mesure lors d&#8217;une consultation en direct avec un coach exp\u00e9riment\u00e9.<\/li>\n<li>La conversation peut \u00eatre enregistr\u00e9e si vous le souhaitez.<\/li>\n<li>Le plus pratique pour : des conseils sur l&#8217;apprentissage du sommeil et la routine, les boires nocturnes, les probl\u00e8mes sp\u00e9cifiques, les questions ponctuelles.<\/li>\n<\/ul>\n<p>Le module de r\u00e9servation et des informations suppl\u00e9mentaires sur la consultation vid\u00e9o se trouvent sur <a href=\"https:\/\/snugglesanddreams.com\/fr\/consultations-individuelles\/\" target=\"_blank\" rel=\"noopener\">cette page<\/a>.<\/p>\n","protected":false},"featured_media":18212,"comment_status":"open","ping_status":"closed","template":"","meta":{"ocean_post_layout":"","ocean_both_sidebars_style":"","ocean_both_sidebars_content_width":0,"ocean_both_sidebars_sidebars_width":0,"ocean_sidebar":"0","ocean_second_sidebar":"0","ocean_disable_margins":"enable","ocean_add_body_class":"","ocean_shortcode_before_top_bar":"","ocean_shortcode_after_top_bar":"","ocean_shortcode_before_header":"","ocean_shortcode_after_header":"","ocean_has_shortcode":"","ocean_shortcode_after_title":"","ocean_shortcode_before_footer_widgets":"","ocean_shortcode_after_footer_widgets":"","ocean_shortcode_before_footer_bottom":"","ocean_shortcode_after_footer_bottom":"","ocean_display_top_bar":"default","ocean_display_header":"default","ocean_header_style":"","ocean_center_header_left_menu":"0","ocean_custom_header_template":"0","ocean_custom_logo":0,"ocean_custom_retina_logo":0,"ocean_custom_logo_max_width":0,"ocean_custom_logo_tablet_max_width":0,"ocean_custom_logo_mobile_max_width":0,"ocean_custom_logo_max_height":0,"ocean_custom_logo_tablet_max_height":0,"ocean_custom_logo_mobile_max_height":0,"ocean_header_custom_menu":"0","ocean_menu_typo_font_family":"0","ocean_menu_typo_font_subset":"","ocean_menu_typo_font_size":0,"ocean_menu_typo_font_size_tablet":0,"ocean_menu_typo_font_size_mobile":0,"ocean_menu_typo_font_size_unit":"px","ocean_menu_typo_font_weight":"","ocean_menu_typo_font_weight_tablet":"","ocean_menu_typo_font_weight_mobile":"","ocean_menu_typo_transform":"","ocean_menu_typo_transform_tablet":"","ocean_menu_typo_transform_mobile":"","ocean_menu_typo_line_height":0,"ocean_menu_typo_line_height_tablet":0,"ocean_menu_typo_line_height_mobile":0,"ocean_menu_typo_line_height_unit":"","ocean_menu_typo_spacing":0,"ocean_menu_typo_spacing_tablet":0,"ocean_menu_typo_spacing_mobile":0,"ocean_menu_typo_spacing_unit":"","ocean_menu_link_color":"","ocean_menu_link_color_hover":"","ocean_menu_link_color_active":"","ocean_menu_link_background":"","ocean_menu_link_hover_background":"","ocean_menu_link_active_background":"","ocean_menu_social_links_bg":"","ocean_menu_social_hover_links_bg":"","ocean_menu_social_links_color":"","ocean_menu_social_hover_links_color":"","ocean_disable_title":"default","ocean_disable_heading":"default","ocean_post_title":"","ocean_post_subheading":"","ocean_post_title_style":"","ocean_post_title_background_color":"","ocean_post_title_background":0,"ocean_post_title_bg_image_position":"","ocean_post_title_bg_image_attachment":"","ocean_post_title_bg_image_repeat":"","ocean_post_title_bg_image_size":"","ocean_post_title_height":0,"ocean_post_title_bg_overlay":0.5,"ocean_post_title_bg_overlay_color":"","ocean_disable_breadcrumbs":"default","ocean_breadcrumbs_color":"","ocean_breadcrumbs_separator_color":"","ocean_breadcrumbs_links_color":"","ocean_breadcrumbs_links_hover_color":"","ocean_display_footer_widgets":"default","ocean_display_footer_bottom":"default","ocean_custom_footer_template":"0"},"product_brand":[],"product_cat":[],"product_tag":[],"class_list":{"0":"post-46769","1":"product","2":"type-product","3":"status-publish","4":"has-post-thumbnail","7":"entry","8":"has-media","10":"first","11":"instock","12":"taxable","13":"shipping-taxable","14":"product-type-external","15":"has-product-nav","16":"col","17":"span_1_of_3","18":"owp-content-center","19":"owp-thumbs-layout-horizontal","20":"owp-btn-normal","21":"owp-tabs-layout-vertical","22":"has-no-thumbnails"},"_links":{"self":[{"href":"https:\/\/snugglesanddreams.com\/fr\/wp-json\/wp\/v2\/product\/46769","targetHints":{"allow":["GET"]}}],"collection":[{"href":"https:\/\/snugglesanddreams.com\/fr\/wp-json\/wp\/v2\/product"}],"about":[{"href":"https:\/\/snugglesanddreams.com\/fr\/wp-json\/wp\/v2\/types\/product"}],"replies":[{"embeddable":true,"href":"https:\/\/snugglesanddreams.com\/fr\/wp-json\/wp\/v2\/comments?post=46769"}],"wp:featuredmedia":[{"embeddable":true,"href":"https:\/\/snugglesanddreams.com\/fr\/wp-json\/wp\/v2\/media\/18212"}],"wp:attachment":[{"href":"https:\/\/snugglesanddreams.com\/fr\/wp-json\/wp\/v2\/media?parent=46769"}],"wp:term":[{"taxonomy":"product_brand","embeddable":true,"href":"https:\/\/snugglesanddreams.com\/fr\/wp-json\/wp\/v2\/product_brand?post=46769"},{"taxonomy":"product_cat","embeddable":true,"href":"https:\/\/snugglesanddreams.com\/fr\/wp-json\/wp\/v2\/product_cat?post=46769"},{"taxonomy":"product_tag","embeddable":true,"href":"https:\/\/snugglesanddreams.com\/fr\/wp-json\/wp\/v2\/product_tag?post=46769"}],"curies":[{"name":"wp","href":"https:\/\/api.w.org\/{rel}","templated":true}]}}