{"id":46770,"date":"2023-01-26T16:47:54","date_gmt":"2023-01-26T15:47:54","guid":{"rendered":"https:\/\/snugglesanddreams.com\/?post_type=product&#038;p=46770"},"modified":"2024-10-07T10:36:38","modified_gmt":"2024-10-07T08:36:38","slug":"parcours-personnalise","status":"publish","type":"product","link":"https:\/\/snugglesanddreams.com\/fr\/produit\/parcours-personnalise\/","title":{"rendered":"Parcours personnalis\u00e9s"},"content":{"rendered":"","protected":false},"excerpt":{"rendered":"<p>Un <a href=\"https:\/\/snugglesanddreams.com\/fr\/trajet-personnalise\/\" target=\"_blank\" rel=\"noopener\">parcours personnalis\u00e9<\/a> est possible \u00e0 partir de l\u2019\u00e2ge de <strong>4 mois jusqu\u2019\u00e0 l\u2019\u00e2ge de 4 ans inclus<\/strong>. Pour Snuggles &amp; Dreams, aucune probl\u00e9matique de sommeil n\u2019est trop complexe, nous avons d\u00e9j\u00e0\u00a0<strong>travaill\u00e9 directement avec plus de 200 familles<\/strong>\u00a0afin de leur permettre de mieux dormir et de mieux se reposer.<\/p>\n<p>Nous vous offrons 2 parcours personnalis\u00e9s diff\u00e9rents:<\/p>\n<p><a href=\"https:\/\/snugglesanddreams.com\/fr\/parcours-personnalise\/\" target=\"_blank\" rel=\"noopener\">MIDI &#8211; \u20ac299<\/a><\/p>\n<ul>\n<li><b>1 consultation vid\u00e9o <\/b>\u00e0 la date de d\u00e9marrage o\u00f9 nous discutons du plan de sommeil personnalis\u00e9 et de toutes vos questions, afin que vous puissiez prendre un bon d\u00e9part<\/li>\n<li><b>Un plan de sommeil <\/b>complet et personnalis\u00e9 pour votre enfant, bas\u00e9 sur votre questionnaire compl\u00e9t\u00e9 au pr\u00e9alable et vos souhaits (min. 15 pages)<\/li>\n<li><strong>\u00a03 jours<\/strong><b>\u00a0de coaching\u00a0<\/b>personnalis\u00e9 avec un feedback quotidien<\/li>\n<li>\u00a0<b>1 consultation vid\u00e9o <\/b>apr\u00e8s 1 ou 2 semaines \u00a0afin que tout reste \u00ab en bonne voie \u00bb<\/li>\n<\/ul>\n<p>&nbsp;<\/p>\n<p><a href=\"https:\/\/snugglesanddreams.com\/fr\/parcours-personnalise\/\" target=\"_blank\" rel=\"noopener\">MAXI &#8211; \u20ac499<\/a><\/p>\n<ul>\n<li class=\"elementor-price-table__feature-inner\"><b>1 consultation vid\u00e9o <\/b>\u00e0 la date de d\u00e9marrage o\u00f9 nous discutons du plan de sommeil personnalis\u00e9 et de toutes vos questions, afin que vous puissiez prendre un bon d\u00e9part.<\/li>\n<li><b>Un plan de sommeil <\/b>complet et personnalis\u00e9 pour votre enfant, bas\u00e9 sur votre questionnaire compl\u00e9t\u00e9 au pr\u00e9alable et vos souhaits (min. 15 pages).<\/li>\n<li><b>2 semaines de coaching <\/b>personnalis\u00e9 avec un feedback quotidien sur le journal de sommeil en ligne de votre enfant, y compris une r\u00e9ponse \u00e0 toutes vos questions et un soutien g\u00e9n\u00e9ral pour atteindre les objectifs fix\u00e9s.<\/li>\n<li><i class=\"fas fa-cloud\" aria-hidden=\"true\"><\/i><b>1 consultation vid\u00e9o <\/b>\u00e0 la fin de notre collaboration dans laquelle vous serez pr\u00e9par\u00e9 pour les mois \u00e0 venir afin que tout reste \u00ab en bonne voie \u00bb.<\/li>\n<li><i class=\"fas fa-cloud\" aria-hidden=\"true\"><\/i>Inclus un <b>guide du sommeil\u00a0<\/b>de votre choix pour 45\u20ac (vous le recevrez \u00e0 la fin du parcours)<\/li>\n<\/ul>\n<p>Le module de r\u00e9servation et des informations suppl\u00e9mentaires sur le parcours personnalis\u00e9 se trouvent sur <a href=\"https:\/\/snugglesanddreams.com\/fr\/trajet-personnalise\/\" target=\"_blank\" rel=\"noopener\">cette page<\/a>.<\/p>\n","protected":false},"featured_media":42984,"comment_status":"open","ping_status":"closed","template":"","meta":{"ocean_post_layout":"","ocean_both_sidebars_style":"","ocean_both_sidebars_content_width":0,"ocean_both_sidebars_sidebars_width":0,"ocean_sidebar":"0","ocean_second_sidebar":"0","ocean_disable_margins":"enable","ocean_add_body_class":"","ocean_shortcode_before_top_bar":"","ocean_shortcode_after_top_bar":"","ocean_shortcode_before_header":"","ocean_shortcode_after_header":"","ocean_has_shortcode":"","ocean_shortcode_after_title":"","ocean_shortcode_before_footer_widgets":"","ocean_shortcode_after_footer_widgets":"","ocean_shortcode_before_footer_bottom":"","ocean_shortcode_after_footer_bottom":"","ocean_display_top_bar":"default","ocean_display_header":"default","ocean_header_style":"","ocean_center_header_left_menu":"0","ocean_custom_header_template":"0","ocean_custom_logo":0,"ocean_custom_retina_logo":0,"ocean_custom_logo_max_width":0,"ocean_custom_logo_tablet_max_width":0,"ocean_custom_logo_mobile_max_width":0,"ocean_custom_logo_max_height":0,"ocean_custom_logo_tablet_max_height":0,"ocean_custom_logo_mobile_max_height":0,"ocean_header_custom_menu":"0","ocean_menu_typo_font_family":"0","ocean_menu_typo_font_subset":"","ocean_menu_typo_font_size":0,"ocean_menu_typo_font_size_tablet":0,"ocean_menu_typo_font_size_mobile":0,"ocean_menu_typo_font_size_unit":"px","ocean_menu_typo_font_weight":"","ocean_menu_typo_font_weight_tablet":"","ocean_menu_typo_font_weight_mobile":"","ocean_menu_typo_transform":"","ocean_menu_typo_transform_tablet":"","ocean_menu_typo_transform_mobile":"","ocean_menu_typo_line_height":0,"ocean_menu_typo_line_height_tablet":0,"ocean_menu_typo_line_height_mobile":0,"ocean_menu_typo_line_height_unit":"","ocean_menu_typo_spacing":0,"ocean_menu_typo_spacing_tablet":0,"ocean_menu_typo_spacing_mobile":0,"ocean_menu_typo_spacing_unit":"","ocean_menu_link_color":"","ocean_menu_link_color_hover":"","ocean_menu_link_color_active":"","ocean_menu_link_background":"","ocean_menu_link_hover_background":"","ocean_menu_link_active_background":"","ocean_menu_social_links_bg":"","ocean_menu_social_hover_links_bg":"","ocean_menu_social_links_color":"","ocean_menu_social_hover_links_color":"","ocean_disable_title":"default","ocean_disable_heading":"default","ocean_post_title":"","ocean_post_subheading":"","ocean_post_title_style":"","ocean_post_title_background_color":"","ocean_post_title_background":0,"ocean_post_title_bg_image_position":"","ocean_post_title_bg_image_attachment":"","ocean_post_title_bg_image_repeat":"","ocean_post_title_bg_image_size":"","ocean_post_title_height":0,"ocean_post_title_bg_overlay":0.5,"ocean_post_title_bg_overlay_color":"","ocean_disable_breadcrumbs":"default","ocean_breadcrumbs_color":"","ocean_breadcrumbs_separator_color":"","ocean_breadcrumbs_links_color":"","ocean_breadcrumbs_links_hover_color":"","ocean_display_footer_widgets":"default","ocean_display_footer_bottom":"default","ocean_custom_footer_template":"0"},"product_brand":[],"product_cat":[18],"product_tag":[],"class_list":{"0":"post-46770","1":"product","2":"type-product","3":"status-publish","4":"has-post-thumbnail","6":"product_cat-geen-categorie","8":"entry","9":"has-media","11":"first","12":"instock","13":"taxable","14":"shipping-taxable","15":"product-type-external","16":"has-product-nav","17":"col","18":"span_1_of_3","19":"owp-content-center","20":"owp-thumbs-layout-horizontal","21":"owp-btn-normal","22":"owp-tabs-layout-vertical","23":"has-no-thumbnails"},"_links":{"self":[{"href":"https:\/\/snugglesanddreams.com\/fr\/wp-json\/wp\/v2\/product\/46770","targetHints":{"allow":["GET"]}}],"collection":[{"href":"https:\/\/snugglesanddreams.com\/fr\/wp-json\/wp\/v2\/product"}],"about":[{"href":"https:\/\/snugglesanddreams.com\/fr\/wp-json\/wp\/v2\/types\/product"}],"replies":[{"embeddable":true,"href":"https:\/\/snugglesanddreams.com\/fr\/wp-json\/wp\/v2\/comments?post=46770"}],"wp:featuredmedia":[{"embeddable":true,"href":"https:\/\/snugglesanddreams.com\/fr\/wp-json\/wp\/v2\/media\/42984"}],"wp:attachment":[{"href":"https:\/\/snugglesanddreams.com\/fr\/wp-json\/wp\/v2\/media?parent=46770"}],"wp:term":[{"taxonomy":"product_brand","embeddable":true,"href":"https:\/\/snugglesanddreams.com\/fr\/wp-json\/wp\/v2\/product_brand?post=46770"},{"taxonomy":"product_cat","embeddable":true,"href":"https:\/\/snugglesanddreams.com\/fr\/wp-json\/wp\/v2\/product_cat?post=46770"},{"taxonomy":"product_tag","embeddable":true,"href":"https:\/\/snugglesanddreams.com\/fr\/wp-json\/wp\/v2\/product_tag?post=46770"}],"curies":[{"name":"wp","href":"https:\/\/api.w.org\/{rel}","templated":true}]}}