{"id":46786,"date":"2023-01-27T10:20:13","date_gmt":"2023-01-27T09:20:13","guid":{"rendered":"https:\/\/snugglesanddreams.com\/?post_type=product&#038;p=46786"},"modified":"2026-03-23T16:43:53","modified_gmt":"2026-03-23T15:43:53","slug":"guide-du-sommeil-leve-tot","status":"publish","type":"product","link":"https:\/\/snugglesanddreams.com\/fr\/produit\/guide-du-sommeil-leve-tot\/","title":{"rendered":"Guide du sommeil l\u00e8ve-t\u00f4t"},"content":{"rendered":"","protected":false},"excerpt":{"rendered":"<p>Ce <a href=\"https:\/\/snugglesanddreams.com\/fr\/produit\/guide-leve-tot\/\" target=\"_blank\" rel=\"noopener\">guide du sommeil l\u00e8ve-t\u00f4t<\/a> est destin\u00e9 aux enfants \u00e2g\u00e9s de 6 mois \u00e0 3 ans qui se r\u00e9veillent quotidiennement ou r\u00e9guli\u00e8rement avant 6h, pr\u00eats \u00e0 commencer la journ\u00e9e. Gr\u00e2ce \u00e0 ce guide, vous apprendrez pourquoi votre petit se r\u00e9veille toujours aussi t\u00f4t et comment vous pouvez aider votre enfant \u00e0 dormir plus longtemps le matin (jusqu&#8217;\u00e0 6h au moins).<\/p>\n<p>Ce guide comporte 23 pages et est r\u00e9dig\u00e9 en fran\u00e7ais.<strong> Il s&#8217;agit d&#8217;un e-book!<\/strong>\u00a0Vous recevrez un lien vers le fichier PDF t\u00e9l\u00e9chargeable apr\u00e8s le paiement. N&#8217;oubliez pas de v\u00e9rifier votre courrier ind\u00e9sirable\u00a0! Vous pouvez consulter le guide sur votre tablette, ordinateur, t\u00e9l\u00e9phone\u00a0&#8230; pas sur une liseuse. Vous pouvez \u00e9galement imprimer le fichier. Aucun remboursement n&#8217;est possible.<\/p>\n<p><a href=\"https:\/\/snugglesanddreams.com\/fr\/produit\/guide-leve-tot\/\" target=\"_blank\" rel=\"noopener\">Commandez le guide l\u00e8ve-t\u00f4t!<\/a><\/p>\n","protected":false},"featured_media":18750,"comment_status":"open","ping_status":"closed","template":"","meta":{"ocean_post_layout":"","ocean_both_sidebars_style":"","ocean_both_sidebars_content_width":0,"ocean_both_sidebars_sidebars_width":0,"ocean_sidebar":"0","ocean_second_sidebar":"0","ocean_disable_margins":"enable","ocean_add_body_class":"","ocean_shortcode_before_top_bar":"","ocean_shortcode_after_top_bar":"","ocean_shortcode_before_header":"","ocean_shortcode_after_header":"","ocean_has_shortcode":"","ocean_shortcode_after_title":"","ocean_shortcode_before_footer_widgets":"","ocean_shortcode_after_footer_widgets":"","ocean_shortcode_before_footer_bottom":"","ocean_shortcode_after_footer_bottom":"","ocean_display_top_bar":"default","ocean_display_header":"default","ocean_header_style":"","ocean_center_header_left_menu":"0","ocean_custom_header_template":"0","ocean_custom_logo":0,"ocean_custom_retina_logo":0,"ocean_custom_logo_max_width":0,"ocean_custom_logo_tablet_max_width":0,"ocean_custom_logo_mobile_max_width":0,"ocean_custom_logo_max_height":0,"ocean_custom_logo_tablet_max_height":0,"ocean_custom_logo_mobile_max_height":0,"ocean_header_custom_menu":"0","ocean_menu_typo_font_family":"0","ocean_menu_typo_font_subset":"","ocean_menu_typo_font_size":0,"ocean_menu_typo_font_size_tablet":0,"ocean_menu_typo_font_size_mobile":0,"ocean_menu_typo_font_size_unit":"px","ocean_menu_typo_font_weight":"","ocean_menu_typo_font_weight_tablet":"","ocean_menu_typo_font_weight_mobile":"","ocean_menu_typo_transform":"","ocean_menu_typo_transform_tablet":"","ocean_menu_typo_transform_mobile":"","ocean_menu_typo_line_height":0,"ocean_menu_typo_line_height_tablet":0,"ocean_menu_typo_line_height_mobile":0,"ocean_menu_typo_line_height_unit":"","ocean_menu_typo_spacing":0,"ocean_menu_typo_spacing_tablet":0,"ocean_menu_typo_spacing_mobile":0,"ocean_menu_typo_spacing_unit":"","ocean_menu_link_color":"","ocean_menu_link_color_hover":"","ocean_menu_link_color_active":"","ocean_menu_link_background":"","ocean_menu_link_hover_background":"","ocean_menu_link_active_background":"","ocean_menu_social_links_bg":"","ocean_menu_social_hover_links_bg":"","ocean_menu_social_links_color":"","ocean_menu_social_hover_links_color":"","ocean_disable_title":"default","ocean_disable_heading":"default","ocean_post_title":"","ocean_post_subheading":"","ocean_post_title_style":"","ocean_post_title_background_color":"","ocean_post_title_background":0,"ocean_post_title_bg_image_position":"","ocean_post_title_bg_image_attachment":"","ocean_post_title_bg_image_repeat":"","ocean_post_title_bg_image_size":"","ocean_post_title_height":0,"ocean_post_title_bg_overlay":0.5,"ocean_post_title_bg_overlay_color":"","ocean_disable_breadcrumbs":"default","ocean_breadcrumbs_color":"","ocean_breadcrumbs_separator_color":"","ocean_breadcrumbs_links_color":"","ocean_breadcrumbs_links_hover_color":"","ocean_display_footer_widgets":"default","ocean_display_footer_bottom":"default","ocean_custom_footer_template":"0"},"product_brand":[],"product_cat":[],"product_tag":[],"class_list":{"0":"post-46786","1":"product","2":"type-product","3":"status-publish","4":"has-post-thumbnail","7":"entry","8":"has-media","10":"first","11":"instock","12":"downloadable","13":"virtual","14":"taxable","15":"purchasable","16":"product-type-simple","17":"has-product-nav","18":"col","19":"span_1_of_3","20":"owp-content-center","21":"owp-thumbs-layout-horizontal","22":"owp-btn-normal","23":"owp-tabs-layout-vertical","24":"has-no-thumbnails"},"_links":{"self":[{"href":"https:\/\/snugglesanddreams.com\/fr\/wp-json\/wp\/v2\/product\/46786","targetHints":{"allow":["GET"]}}],"collection":[{"href":"https:\/\/snugglesanddreams.com\/fr\/wp-json\/wp\/v2\/product"}],"about":[{"href":"https:\/\/snugglesanddreams.com\/fr\/wp-json\/wp\/v2\/types\/product"}],"replies":[{"embeddable":true,"href":"https:\/\/snugglesanddreams.com\/fr\/wp-json\/wp\/v2\/comments?post=46786"}],"wp:featuredmedia":[{"embeddable":true,"href":"https:\/\/snugglesanddreams.com\/fr\/wp-json\/wp\/v2\/media\/18750"}],"wp:attachment":[{"href":"https:\/\/snugglesanddreams.com\/fr\/wp-json\/wp\/v2\/media?parent=46786"}],"wp:term":[{"taxonomy":"product_brand","embeddable":true,"href":"https:\/\/snugglesanddreams.com\/fr\/wp-json\/wp\/v2\/product_brand?post=46786"},{"taxonomy":"product_cat","embeddable":true,"href":"https:\/\/snugglesanddreams.com\/fr\/wp-json\/wp\/v2\/product_cat?post=46786"},{"taxonomy":"product_tag","embeddable":true,"href":"https:\/\/snugglesanddreams.com\/fr\/wp-json\/wp\/v2\/product_tag?post=46786"}],"curies":[{"name":"wp","href":"https:\/\/api.w.org\/{rel}","templated":true}]}}