{"id":94072,"date":"2025-06-17T16:59:37","date_gmt":"2025-06-17T14:59:37","guid":{"rendered":"https:\/\/snugglesanddreams.com\/?post_type=product&#038;p=94072"},"modified":"2026-01-06T01:14:18","modified_gmt":"2026-01-06T00:14:18","slug":"gids-verlatingsangst","status":"publish","type":"product","link":"https:\/\/snugglesanddreams.com\/fr\/produit\/gids-verlatingsangst\/","title":{"rendered":"Gids verlatingsangst"},"content":{"rendered":"","protected":false},"excerpt":{"rendered":"<p data-start=\"181\" data-end=\"410\">Heeft je kindje moeite met afscheid nemen, huilbuien bij de opvang of angsten rond bedtijd? Deze gids helpt je begrijpen wat verlatingsangst \u00e9cht is, waarom het voorkomt \u00e9n hoe je er als ouder liefdevol \u00e9n duidelijk mee omgaat.<\/p>\n<p data-start=\"412\" data-end=\"654\">\ud83d\udca1 Met tips op maat van elke leeftijd (<strong>baby, peuter, kleuter<\/strong>)<br data-start=\"473\" data-end=\"476\" \/>\ud83d\udecf\ufe0f Inclusief hoofdstukken rond slaap en nachtelijk huilen<br data-start=\"534\" data-end=\"537\" \/>\ud83e\uddf8 Vol voorbeeldzinnen, rituelen en herkenbare situaties<br data-start=\"593\" data-end=\"596\" \/>\ud83c\udf92 Extra hoofdstuk over starten met school<\/p>\n<p data-start=\"658\" data-end=\"825\">Een warme en praktische gids geschreven door kinderslaapcoach Nathalie Schittekatte \u00e9n opvoedingscoach Eefke Willekens. Perfect voor ouders die rust en vertrouwen willen brengen in spannende momenten.<\/p>\n<p data-start=\"658\" data-end=\"825\">De gids omvat 37 pagina&#8217;s en omvat alle informatie rond verlatingsangst voor baby&#8217;s, peuters en kleuters tem 5 jaar. Na je aankoop ontvang je onmiddellijk de gids met onbeperkte toegang.<\/p>\n","protected":false},"featured_media":94073,"comment_status":"open","ping_status":"closed","template":"","meta":{"ocean_post_layout":"","ocean_both_sidebars_style":"","ocean_both_sidebars_content_width":0,"ocean_both_sidebars_sidebars_width":0,"ocean_sidebar":"0","ocean_second_sidebar":"0","ocean_disable_margins":"enable","ocean_add_body_class":"","ocean_shortcode_before_top_bar":"","ocean_shortcode_after_top_bar":"","ocean_shortcode_before_header":"","ocean_shortcode_after_header":"","ocean_has_shortcode":"","ocean_shortcode_after_title":"","ocean_shortcode_before_footer_widgets":"","ocean_shortcode_after_footer_widgets":"","ocean_shortcode_before_footer_bottom":"","ocean_shortcode_after_footer_bottom":"","ocean_display_top_bar":"default","ocean_display_header":"default","ocean_header_style":"","ocean_center_header_left_menu":"0","ocean_custom_header_template":"0","ocean_custom_logo":0,"ocean_custom_retina_logo":0,"ocean_custom_logo_max_width":0,"ocean_custom_logo_tablet_max_width":0,"ocean_custom_logo_mobile_max_width":0,"ocean_custom_logo_max_height":0,"ocean_custom_logo_tablet_max_height":0,"ocean_custom_logo_mobile_max_height":0,"ocean_header_custom_menu":"0","ocean_menu_typo_font_family":"0","ocean_menu_typo_font_subset":"","ocean_menu_typo_font_size":0,"ocean_menu_typo_font_size_tablet":0,"ocean_menu_typo_font_size_mobile":0,"ocean_menu_typo_font_size_unit":"px","ocean_menu_typo_font_weight":"","ocean_menu_typo_font_weight_tablet":"","ocean_menu_typo_font_weight_mobile":"","ocean_menu_typo_transform":"","ocean_menu_typo_transform_tablet":"","ocean_menu_typo_transform_mobile":"","ocean_menu_typo_line_height":0,"ocean_menu_typo_line_height_tablet":0,"ocean_menu_typo_line_height_mobile":0,"ocean_menu_typo_line_height_unit":"","ocean_menu_typo_spacing":0,"ocean_menu_typo_spacing_tablet":0,"ocean_menu_typo_spacing_mobile":0,"ocean_menu_typo_spacing_unit":"","ocean_menu_link_color":"","ocean_menu_link_color_hover":"","ocean_menu_link_color_active":"","ocean_menu_link_background":"","ocean_menu_link_hover_background":"","ocean_menu_link_active_background":"","ocean_menu_social_links_bg":"","ocean_menu_social_hover_links_bg":"","ocean_menu_social_links_color":"","ocean_menu_social_hover_links_color":"","ocean_disable_title":"default","ocean_disable_heading":"default","ocean_post_title":"","ocean_post_subheading":"","ocean_post_title_style":"","ocean_post_title_background_color":"","ocean_post_title_background":0,"ocean_post_title_bg_image_position":"","ocean_post_title_bg_image_attachment":"","ocean_post_title_bg_image_repeat":"","ocean_post_title_bg_image_size":"","ocean_post_title_height":0,"ocean_post_title_bg_overlay":0.5,"ocean_post_title_bg_overlay_color":"","ocean_disable_breadcrumbs":"default","ocean_breadcrumbs_color":"","ocean_breadcrumbs_separator_color":"","ocean_breadcrumbs_links_color":"","ocean_breadcrumbs_links_hover_color":"","ocean_display_footer_widgets":"default","ocean_display_footer_bottom":"default","ocean_custom_footer_template":"0"},"product_brand":[],"product_cat":[186],"product_tag":[746],"class_list":{"0":"post-94072","1":"product","2":"type-product","3":"status-publish","4":"has-post-thumbnail","6":"product_cat-opvoedingsgidsen","7":"product_tag-verlatingsangst","9":"entry","10":"has-media","12":"first","13":"instock","14":"downloadable","15":"virtual","16":"taxable","17":"purchasable","18":"product-type-simple","19":"has-rating","20":"has-product-nav","21":"col","22":"span_1_of_3","23":"owp-content-center","24":"owp-thumbs-layout-horizontal","25":"owp-btn-normal","26":"owp-tabs-layout-vertical","27":"has-no-thumbnails"},"_links":{"self":[{"href":"https:\/\/snugglesanddreams.com\/fr\/wp-json\/wp\/v2\/product\/94072","targetHints":{"allow":["GET"]}}],"collection":[{"href":"https:\/\/snugglesanddreams.com\/fr\/wp-json\/wp\/v2\/product"}],"about":[{"href":"https:\/\/snugglesanddreams.com\/fr\/wp-json\/wp\/v2\/types\/product"}],"replies":[{"embeddable":true,"href":"https:\/\/snugglesanddreams.com\/fr\/wp-json\/wp\/v2\/comments?post=94072"}],"wp:featuredmedia":[{"embeddable":true,"href":"https:\/\/snugglesanddreams.com\/fr\/wp-json\/wp\/v2\/media\/94073"}],"wp:attachment":[{"href":"https:\/\/snugglesanddreams.com\/fr\/wp-json\/wp\/v2\/media?parent=94072"}],"wp:term":[{"taxonomy":"product_brand","embeddable":true,"href":"https:\/\/snugglesanddreams.com\/fr\/wp-json\/wp\/v2\/product_brand?post=94072"},{"taxonomy":"product_cat","embeddable":true,"href":"https:\/\/snugglesanddreams.com\/fr\/wp-json\/wp\/v2\/product_cat?post=94072"},{"taxonomy":"product_tag","embeddable":true,"href":"https:\/\/snugglesanddreams.com\/fr\/wp-json\/wp\/v2\/product_tag?post=94072"}],"curies":[{"name":"wp","href":"https:\/\/api.w.org\/{rel}","templated":true}]}}